{"id":1805,"date":"2020-02-11T14:06:09","date_gmt":"2020-02-11T17:06:09","guid":{"rendered":"http:\/\/dieselpuertomontt.cl\/inyectores\/?page_id=1805"},"modified":"2024-07-26T13:47:25","modified_gmt":"2024-07-26T16:47:25","slug":"scanner","status":"publish","type":"page","link":"https:\/\/dieselpuertomontt.cl\/inyectores\/scanner\/","title":{"rendered":"scanner"},"content":{"rendered":"\t\t<div data-elementor-type=\"wp-page\" data-elementor-id=\"1805\" class=\"elementor elementor-1805\">\n\t\t\t\t\t\t<div class=\"elementor-inner\">\n\t\t\t\t<div class=\"elementor-section-wrap\">\n\t\t\t\t\t\t\t\t\t<section class=\"elementor-section elementor-top-section elementor-element elementor-element-7a811ca elementor-section-boxed elementor-section-height-default elementor-section-height-default\" data-id=\"7a811ca\" data-element_type=\"section\">\n\t\t\t\t\t\t<div class=\"elementor-container elementor-column-gap-default\">\n\t\t\t\t\t\t\t<div class=\"elementor-row\">\n\t\t\t\t\t<div class=\"elementor-column elementor-col-100 elementor-top-column elementor-element elementor-element-2fbb9e3\" data-id=\"2fbb9e3\" data-element_type=\"column\">\n\t\t\t<div class=\"elementor-column-wrap elementor-element-populated\">\n\t\t\t\t\t\t\t<div class=\"elementor-widget-wrap\">\n\t\t\t\t\t\t<div class=\"elementor-element elementor-element-c3a3c32 elementor-widget elementor-widget-heading\" data-id=\"c3a3c32\" data-element_type=\"widget\" data-widget_type=\"heading.default\">\n\t\t\t\t<div class=\"elementor-widget-container\">\n\t\t\t<h1 class=\"elementor-heading-title elementor-size-default\">SCANNER MULTIMARCAS<\/h1>\t\t<\/div>\n\t\t\t\t<\/div>\n\t\t\t\t\t\t<\/div>\n\t\t\t\t\t<\/div>\n\t\t<\/div>\n\t\t\t\t\t\t\t\t<\/div>\n\t\t\t\t\t<\/div>\n\t\t<\/section>\n\t\t\t\t<section class=\"elementor-section elementor-top-section elementor-element elementor-element-a05be60 elementor-section-boxed elementor-section-height-default elementor-section-height-default\" data-id=\"a05be60\" data-element_type=\"section\">\n\t\t\t\t\t\t<div class=\"elementor-container elementor-column-gap-default\">\n\t\t\t\t\t\t\t<div class=\"elementor-row\">\n\t\t\t\t\t<div class=\"elementor-column elementor-col-100 elementor-top-column elementor-element elementor-element-f59506b\" data-id=\"f59506b\" data-element_type=\"column\">\n\t\t\t<div class=\"elementor-column-wrap elementor-element-populated\">\n\t\t\t\t\t\t\t<div class=\"elementor-widget-wrap\">\n\t\t\t\t\t\t<div class=\"elementor-element elementor-element-955a0b1 elementor-widget-divider--view-line elementor-widget elementor-widget-divider\" data-id=\"955a0b1\" data-element_type=\"widget\" data-widget_type=\"divider.default\">\n\t\t\t\t<div class=\"elementor-widget-container\">\n\t\t\t\t\t<div class=\"elementor-divider\">\n\t\t\t<span class=\"elementor-divider-separator\">\n\t\t\t\t\t\t<\/span>\n\t\t<\/div>\n\t\t\t\t<\/div>\n\t\t\t\t<\/div>\n\t\t\t\t<div class=\"elementor-element elementor-element-4c68c83 elementor-widget elementor-widget-heading\" data-id=\"4c68c83\" data-element_type=\"widget\" data-widget_type=\"heading.default\">\n\t\t\t\t<div class=\"elementor-widget-container\">\n\t\t\t<h2 class=\"elementor-heading-title elementor-size-default\">Servicio de scanner multimarca para veh\u00edculos livianos, veh\u00edculos pesados y embarcaciones a motor.<\/h2>\t\t<\/div>\n\t\t\t\t<\/div>\n\t\t\t\t\t\t<\/div>\n\t\t\t\t\t<\/div>\n\t\t<\/div>\n\t\t\t\t\t\t\t\t<\/div>\n\t\t\t\t\t<\/div>\n\t\t<\/section>\n\t\t\t\t<section class=\"elementor-section elementor-top-section elementor-element elementor-element-718c209 elementor-section-boxed elementor-section-height-default elementor-section-height-default\" data-id=\"718c209\" data-element_type=\"section\">\n\t\t\t\t\t\t<div class=\"elementor-container elementor-column-gap-default\">\n\t\t\t\t\t\t\t<div class=\"elementor-row\">\n\t\t\t\t\t<div class=\"elementor-column elementor-col-50 elementor-top-column elementor-element elementor-element-a67a45c\" data-id=\"a67a45c\" data-element_type=\"column\">\n\t\t\t<div class=\"elementor-column-wrap elementor-element-populated\">\n\t\t\t\t\t\t\t<div class=\"elementor-widget-wrap\">\n\t\t\t\t\t\t<div class=\"elementor-element elementor-element-85d7531 elementor-widget elementor-widget-text-editor\" data-id=\"85d7531\" data-element_type=\"widget\" data-widget_type=\"text-editor.default\">\n\t\t\t\t<div class=\"elementor-widget-container\">\n\t\t\t\t\t\t\t\t<div class=\"elementor-text-editor elementor-clearfix\">\n\t\t\t\t<p>En Diesel puerto Montt, ofrecemos un avanzado servicio de escaneo multimarca para una amplia variedad de veh\u00edculos, incluyendo veh\u00edculos livianos, veh\u00edculos pesados y embarcaciones a motor. \u00bfSab\u00edas que los esc\u00e1neres automotrices modernos, como el Fcar, pueden leer y borrar c\u00f3digos de error en menos de un segundo? Esta velocidad permite a los t\u00e9cnicos identificar y solucionar problemas de manera mucho m\u00e1s r\u00e1pida y eficiente, minimizando el tiempo que tu veh\u00edculo pasa en el taller. Sin embargo, es importante destacar que el esc\u00e1ner orienta al fallo, pero no realiza reparaciones; esa tarea queda en manos de nuestros expertos t\u00e9cnicos. Nuestro sistema de diagn\u00f3stico Fcar est\u00e1 dise\u00f1ado para brindar un an\u00e1lisis preciso y detallado, utilizando tecnolog\u00eda de ultima generaci\u00f3n.<\/p>\t\t\t\t\t<\/div>\n\t\t\t\t\t\t<\/div>\n\t\t\t\t<\/div>\n\t\t\t\t<div class=\"elementor-element elementor-element-9c2a9dd elementor-widget elementor-widget-text-editor\" data-id=\"9c2a9dd\" data-element_type=\"widget\" data-widget_type=\"text-editor.default\">\n\t\t\t\t<div class=\"elementor-widget-container\">\n\t\t\t\t\t\t\t\t<div class=\"elementor-text-editor elementor-clearfix\">\n\t\t\t\t\t\t\t\t\t<\/div>\n\t\t\t\t\t\t<\/div>\n\t\t\t\t<\/div>\n\t\t\t\t\t\t<\/div>\n\t\t\t\t\t<\/div>\n\t\t<\/div>\n\t\t\t\t<div class=\"elementor-column elementor-col-50 elementor-top-column elementor-element elementor-element-acbfd8f\" data-id=\"acbfd8f\" data-element_type=\"column\">\n\t\t\t<div class=\"elementor-column-wrap elementor-element-populated\">\n\t\t\t\t\t\t\t<div class=\"elementor-widget-wrap\">\n\t\t\t\t\t\t<div class=\"elementor-element elementor-element-d1a5cd7 elementor-widget elementor-widget-image\" data-id=\"d1a5cd7\" data-element_type=\"widget\" data-widget_type=\"image.default\">\n\t\t\t\t<div class=\"elementor-widget-container\">\n\t\t\t\t\t\t\t\t<div class=\"elementor-image\">\n\t\t\t\t\t\t\t\t\t\t\t\t<img decoding=\"async\" width=\"300\" height=\"230\" src=\"https:\/\/dieselpuertomontt.cl\/inyectores\/wp-content\/uploads\/2020\/02\/scanner-1-300x230.png\" class=\"attachment-medium size-medium wp-image-1811\" alt=\"\" loading=\"lazy\" srcset=\"https:\/\/dieselpuertomontt.cl\/inyectores\/wp-content\/uploads\/2020\/02\/scanner-1-300x230.png 300w, https:\/\/dieselpuertomontt.cl\/inyectores\/wp-content\/uploads\/2020\/02\/scanner-1-768x589.png 768w, https:\/\/dieselpuertomontt.cl\/inyectores\/wp-content\/uploads\/2020\/02\/scanner-1-640x491.png 640w, https:\/\/dieselpuertomontt.cl\/inyectores\/wp-content\/uploads\/2020\/02\/scanner-1-600x461.png 600w, https:\/\/dieselpuertomontt.cl\/inyectores\/wp-content\/uploads\/2020\/02\/scanner-1.png 800w\" sizes=\"(max-width: 300px) 100vw, 300px\" \/>\t\t\t\t\t\t\t\t\t\t\t\t\t\t<\/div>\n\t\t\t\t\t\t<\/div>\n\t\t\t\t<\/div>\n\t\t\t\t\t\t<\/div>\n\t\t\t\t\t<\/div>\n\t\t<\/div>\n\t\t\t\t\t\t\t\t<\/div>\n\t\t\t\t\t<\/div>\n\t\t<\/section>\n\t\t\t\t<section class=\"elementor-section elementor-top-section elementor-element elementor-element-c80b6b0 elementor-section-boxed elementor-section-height-default elementor-section-height-default\" data-id=\"c80b6b0\" data-element_type=\"section\">\n\t\t\t\t\t\t<div class=\"elementor-container elementor-column-gap-default\">\n\t\t\t\t\t\t\t<div class=\"elementor-row\">\n\t\t\t\t\t<div class=\"elementor-column elementor-col-50 elementor-top-column elementor-element elementor-element-aa9d117\" data-id=\"aa9d117\" data-element_type=\"column\">\n\t\t\t<div class=\"elementor-column-wrap elementor-element-populated\">\n\t\t\t\t\t\t\t<div class=\"elementor-widget-wrap\">\n\t\t\t\t\t\t<div class=\"elementor-element elementor-element-6c838ce elementor-widget elementor-widget-text-editor\" data-id=\"6c838ce\" data-element_type=\"widget\" data-widget_type=\"text-editor.default\">\n\t\t\t\t<div class=\"elementor-widget-container\">\n\t\t\t\t\t\t\t\t<div class=\"elementor-text-editor elementor-clearfix\">\n\t\t\t\t<p><strong>Servicio de Scanner en patio y en terreno<\/strong><\/p><p><strong>\u00a0<\/strong><\/p><p>Previo diagnostico a laboratorio,\u00a0 se enfoca en la lectura y eliminaci\u00f3n de c\u00f3digos de error, regeneraci\u00f3n de DPF, visualizar par\u00e1metros en l\u00ednea, entre otros.<\/p><p>Ayuda a orientar donde se encuentra el problema y junto con revisi\u00f3n de sensores, optimizar el proceso de detecci\u00f3n de falla.<\/p>\t\t\t\t\t<\/div>\n\t\t\t\t\t\t<\/div>\n\t\t\t\t<\/div>\n\t\t\t\t\t\t<\/div>\n\t\t\t\t\t<\/div>\n\t\t<\/div>\n\t\t\t\t<div class=\"elementor-column elementor-col-50 elementor-top-column elementor-element elementor-element-22677ae\" data-id=\"22677ae\" data-element_type=\"column\">\n\t\t\t<div class=\"elementor-column-wrap\">\n\t\t\t\t\t\t\t<div class=\"elementor-widget-wrap\">\n\t\t\t\t\t\t\t\t<\/div>\n\t\t\t\t\t<\/div>\n\t\t<\/div>\n\t\t\t\t\t\t\t\t<\/div>\n\t\t\t\t\t<\/div>\n\t\t<\/section>\n\t\t\t\t<section class=\"elementor-section elementor-top-section elementor-element elementor-element-c6c9a27 elementor-section-boxed elementor-section-height-default elementor-section-height-default\" data-id=\"c6c9a27\" data-element_type=\"section\">\n\t\t\t\t\t\t<div class=\"elementor-container elementor-column-gap-default\">\n\t\t\t\t\t\t\t<div class=\"elementor-row\">\n\t\t\t\t\t<div class=\"elementor-column elementor-col-100 elementor-top-column elementor-element elementor-element-e8ee5f7\" data-id=\"e8ee5f7\" data-element_type=\"column\">\n\t\t\t<div class=\"elementor-column-wrap elementor-element-populated\">\n\t\t\t\t\t\t\t<div class=\"elementor-widget-wrap\">\n\t\t\t\t\t\t<div class=\"elementor-element elementor-element-99ac056 elementor-widget-divider--view-line_text elementor-widget-divider--element-align-center elementor-widget elementor-widget-divider\" data-id=\"99ac056\" data-element_type=\"widget\" data-widget_type=\"divider.default\">\n\t\t\t\t<div class=\"elementor-widget-container\">\n\t\t\t\t\t<div class=\"elementor-divider\">\n\t\t\t<span class=\"elementor-divider-separator\">\n\t\t\t\t\t\t\t<span class=\"elementor-divider__text elementor-divider__element\">\n\t\t\t\tACERCA DE EL SERVICIO DE SCANNER\t\t\t\t<\/span>\n\t\t\t\t\t\t<\/span>\n\t\t<\/div>\n\t\t\t\t<\/div>\n\t\t\t\t<\/div>\n\t\t\t\t\t\t<\/div>\n\t\t\t\t\t<\/div>\n\t\t<\/div>\n\t\t\t\t\t\t\t\t<\/div>\n\t\t\t\t\t<\/div>\n\t\t<\/section>\n\t\t\t\t<section class=\"elementor-section elementor-top-section elementor-element elementor-element-005bc28 elementor-section-boxed elementor-section-height-default elementor-section-height-default\" data-id=\"005bc28\" data-element_type=\"section\">\n\t\t\t\t\t\t<div class=\"elementor-container elementor-column-gap-default\">\n\t\t\t\t\t\t\t<div class=\"elementor-row\">\n\t\t\t\t\t<div class=\"elementor-column elementor-col-33 elementor-top-column elementor-element elementor-element-0db8b72\" data-id=\"0db8b72\" data-element_type=\"column\">\n\t\t\t<div class=\"elementor-column-wrap elementor-element-populated\">\n\t\t\t\t\t\t\t<div class=\"elementor-widget-wrap\">\n\t\t\t\t\t\t<div class=\"elementor-element elementor-element-53ab75a elementor-widget elementor-widget-text-editor\" data-id=\"53ab75a\" data-element_type=\"widget\" data-widget_type=\"text-editor.default\">\n\t\t\t\t<div class=\"elementor-widget-container\">\n\t\t\t\t\t\t\t\t<div class=\"elementor-text-editor elementor-clearfix\">\n\t\t\t\t<div><p><b>PROCEDIMIENTO<\/b><\/p><p><b>\u00a0<\/b><\/p><p>Nuestro esc\u00e1ner automotriz permite una conexi\u00f3n r\u00e1pida y sencilla a cualquier veh\u00edculo con diagn\u00f3stico Integral y Especializado.<\/p><p>\u00a0<\/p><p>En base a los c\u00f3digos entregados por el scanner al veh\u00edculo, se verifica si es parte de los sistemas que trabaja el taller \u00a8sistemas de alimentaci\u00f3n disel\u00a8.<\/p><p>\u00a0<\/p><p><span style=\"font-family: var( --e-global-typography-text-font-family ), Sans-serif; font-weight: var( --e-global-typography-text-font-weight ); font-size: 1.5rem;\">Aprobado por el equipo de t\u00e9cnicos, se realiza presupuesto de la mantenci\u00f3n o reparaci\u00f3n, para el cliente.<\/span><\/p><p><span style=\"font-family: var( --e-global-typography-text-font-family ), Sans-serif; font-weight: var( --e-global-typography-text-font-weight ); font-size: 1.5rem;\">\u00a0<\/span><\/p><p>\u00a0<\/p><p>El cliente aprueba presupuesto y se verifica disponibilidad para posteriormente agendar hora en el Taller.<\/p><\/div>\t\t\t\t\t<\/div>\n\t\t\t\t\t\t<\/div>\n\t\t\t\t<\/div>\n\t\t\t\t\t\t<\/div>\n\t\t\t\t\t<\/div>\n\t\t<\/div>\n\t\t\t\t<div class=\"elementor-column elementor-col-33 elementor-top-column elementor-element elementor-element-e72441d\" data-id=\"e72441d\" data-element_type=\"column\">\n\t\t\t<div class=\"elementor-column-wrap elementor-element-populated\">\n\t\t\t\t\t\t\t<div class=\"elementor-widget-wrap\">\n\t\t\t\t\t\t<div class=\"elementor-element elementor-element-29516b0 elementor-widget elementor-widget-text-editor\" data-id=\"29516b0\" data-element_type=\"widget\" data-widget_type=\"text-editor.default\">\n\t\t\t\t<div class=\"elementor-widget-container\">\n\t\t\t\t\t\t\t\t<div class=\"elementor-text-editor elementor-clearfix\">\n\t\t\t\t<p><strong><span style=\"font-family: var( --e-global-typography-text-font-family ), Sans-serif; font-size: 1.5rem;\">COBERTURA<\/span><\/strong><\/p><p><strong><span style=\"font-family: var( --e-global-typography-text-font-family ), Sans-serif; font-size: 1.5rem;\">\u00a0<\/span><\/strong><\/p><p>Cobertura Global la cual abarca veh\u00edculos livianos y veh\u00edculos pesados.<\/p><p>\u00a0<\/p><p>Autos, maquinaria, vehiculos de transporte.<\/p><p>\u00a0<\/p><p>\u00a0<\/p><p>Amplia variedad de marcas siendo, europeos, americanos y asi\u00e1ticos, garantizando una soluci\u00f3n para cualquier tipo de autom\u00f3vil de inyecci\u00f3n Diesel.<\/p>\t\t\t\t\t<\/div>\n\t\t\t\t\t\t<\/div>\n\t\t\t\t<\/div>\n\t\t\t\t\t\t<\/div>\n\t\t\t\t\t<\/div>\n\t\t<\/div>\n\t\t\t\t<div class=\"elementor-column elementor-col-33 elementor-top-column elementor-element elementor-element-619d3f1\" data-id=\"619d3f1\" data-element_type=\"column\">\n\t\t\t<div class=\"elementor-column-wrap elementor-element-populated\">\n\t\t\t\t\t\t\t<div class=\"elementor-widget-wrap\">\n\t\t\t\t\t\t<div class=\"elementor-element elementor-element-df016bf elementor-widget elementor-widget-text-editor\" data-id=\"df016bf\" data-element_type=\"widget\" data-widget_type=\"text-editor.default\">\n\t\t\t\t<div class=\"elementor-widget-container\">\n\t\t\t\t\t\t\t\t<div class=\"elementor-text-editor elementor-clearfix\">\n\t\t\t\t<p class=\"MsoNormal\"><strong>BENEFICIOS\u00a0<\/strong><\/p><p class=\"MsoNormal\">\u00a0<\/p><p class=\"MsoNormal\">Ultimos avances en tecnolog\u00eda de diagn\u00f3stico automotriz para ofrecer un servicio de alta calidad.<\/p><p class=\"MsoNormal\">\u00a0<\/p><p class=\"MsoNormal\">Contamos con taller y laboratorio para diagn\u00f3sticos y reparaciones en sistemas de alimentaci\u00f3n de \u00a0inyecci\u00f3n Diesel.<\/p><p class=\"MsoNormal\">\u00a0<\/p><p class=\"MsoNormal\">\u00a0<\/p><p class=\"MsoNormal\">Equipo t\u00e9cnico profesional, capacitado para realizar todo tipo de trabajos en el \u00e1rea de inyecci\u00f3n Diesel.<\/p><p class=\"MsoNormal\">\u00a0<\/p><p class=\"MsoNormal\">Scanner apto para diagnostico en una amplia gama de vehiculos y marcas.<\/p>\t\t\t\t\t<\/div>\n\t\t\t\t\t\t<\/div>\n\t\t\t\t<\/div>\n\t\t\t\t\t\t<\/div>\n\t\t\t\t\t<\/div>\n\t\t<\/div>\n\t\t\t\t\t\t\t\t<\/div>\n\t\t\t\t\t<\/div>\n\t\t<\/section>\n\t\t\t\t<section class=\"elementor-section elementor-top-section elementor-element elementor-element-4bfbdc1 elementor-section-boxed elementor-section-height-default elementor-section-height-default\" data-id=\"4bfbdc1\" data-element_type=\"section\">\n\t\t\t\t\t\t<div class=\"elementor-container elementor-column-gap-default\">\n\t\t\t\t\t\t\t<div class=\"elementor-row\">\n\t\t\t\t\t<div class=\"elementor-column elementor-col-33 elementor-top-column elementor-element elementor-element-2663077\" data-id=\"2663077\" data-element_type=\"column\">\n\t\t\t<div class=\"elementor-column-wrap\">\n\t\t\t\t\t\t\t<div class=\"elementor-widget-wrap\">\n\t\t\t\t\t\t\t\t<\/div>\n\t\t\t\t\t<\/div>\n\t\t<\/div>\n\t\t\t\t<div class=\"elementor-column elementor-col-33 elementor-top-column elementor-element elementor-element-87e4d9d\" data-id=\"87e4d9d\" data-element_type=\"column\">\n\t\t\t<div class=\"elementor-column-wrap elementor-element-populated\">\n\t\t\t\t\t\t\t<div class=\"elementor-widget-wrap\">\n\t\t\t\t\t\t<div class=\"elementor-element elementor-element-c3a04b4 elementor-align-center elementor-widget elementor-widget-button\" data-id=\"c3a04b4\" data-element_type=\"widget\" data-widget_type=\"button.default\">\n\t\t\t\t<div class=\"elementor-widget-container\">\n\t\t\t\t\t<div class=\"elementor-button-wrapper\">\n\t\t\t<a class=\"elementor-button elementor-button-link elementor-size-sm\" href=\"tel:+56974960952\">\n\t\t\t\t\t\t<span class=\"elementor-button-content-wrapper\">\n\t\t\t\t\t\t<span class=\"elementor-button-icon elementor-align-icon-left\">\n\t\t\t\t<i aria-hidden=\"true\" class=\"fas fa-phone-alt\"><\/i>\t\t\t<\/span>\n\t\t\t\t\t\t<span class=\"elementor-button-text\">PEDIR ESCANEO<\/span>\n\t\t<\/span>\n\t\t\t\t\t<\/a>\n\t\t<\/div>\n\t\t\t\t<\/div>\n\t\t\t\t<\/div>\n\t\t\t\t\t\t<\/div>\n\t\t\t\t\t<\/div>\n\t\t<\/div>\n\t\t\t\t<div class=\"elementor-column elementor-col-33 elementor-top-column elementor-element elementor-element-e5de3c8\" data-id=\"e5de3c8\" data-element_type=\"column\">\n\t\t\t<div class=\"elementor-column-wrap\">\n\t\t\t\t\t\t\t<div class=\"elementor-widget-wrap\">\n\t\t\t\t\t\t\t\t<\/div>\n\t\t\t\t\t<\/div>\n\t\t<\/div>\n\t\t\t\t\t\t\t\t<\/div>\n\t\t\t\t\t<\/div>\n\t\t<\/section>\n\t\t\t\t\t\t\t\t\t<\/div>\n\t\t\t<\/div>\n\t\t\t\t\t<\/div>\n\t\t","protected":false},"excerpt":{"rendered":"<p class=\"excerpt\">SCANNER MULTIMARCAS Servicio de scanner multimarca para veh\u00edculos livianos, veh\u00edculos pesados y embarcaciones a motor. En Diesel puerto Montt, ofrecemos un avanzado servicio de escaneo multimarca para una amplia variedad de veh\u00edculos, incluyendo veh\u00edculos livianos, veh\u00edculos pesados y embarcaciones a motor. \u00bfSab\u00edas que los esc\u00e1neres automotrices modernos, como el Fcar, pueden leer y borrar c\u00f3digos&#8230;<\/p>\n","protected":false},"author":1,"featured_media":0,"parent":0,"menu_order":0,"comment_status":"closed","ping_status":"closed","template":"template-blank.php","meta":{"_joinchat":[]},"aioseo_notices":[],"_links":{"self":[{"href":"https:\/\/dieselpuertomontt.cl\/inyectores\/wp-json\/wp\/v2\/pages\/1805"}],"collection":[{"href":"https:\/\/dieselpuertomontt.cl\/inyectores\/wp-json\/wp\/v2\/pages"}],"about":[{"href":"https:\/\/dieselpuertomontt.cl\/inyectores\/wp-json\/wp\/v2\/types\/page"}],"author":[{"embeddable":true,"href":"https:\/\/dieselpuertomontt.cl\/inyectores\/wp-json\/wp\/v2\/users\/1"}],"replies":[{"embeddable":true,"href":"https:\/\/dieselpuertomontt.cl\/inyectores\/wp-json\/wp\/v2\/comments?post=1805"}],"version-history":[{"count":19,"href":"https:\/\/dieselpuertomontt.cl\/inyectores\/wp-json\/wp\/v2\/pages\/1805\/revisions"}],"predecessor-version":[{"id":2442,"href":"https:\/\/dieselpuertomontt.cl\/inyectores\/wp-json\/wp\/v2\/pages\/1805\/revisions\/2442"}],"wp:attachment":[{"href":"https:\/\/dieselpuertomontt.cl\/inyectores\/wp-json\/wp\/v2\/media?parent=1805"}],"curies":[{"name":"wp","href":"https:\/\/api.w.org\/{rel}","templated":true}]}}