{"id":48,"date":"2017-03-08T15:48:52","date_gmt":"2017-03-08T15:48:52","guid":{"rendered":"http:\/\/localhost\/wp-themes\/car-repair-services\/?page_id=48"},"modified":"2024-06-12T09:55:43","modified_gmt":"2024-06-12T12:55:43","slug":"contacto","status":"publish","type":"page","link":"https:\/\/dieselpuertomontt.cl\/inyectores\/contacto\/","title":{"rendered":"Contacto"},"content":{"rendered":"\t\t<div data-elementor-type=\"wp-page\" data-elementor-id=\"48\" class=\"elementor elementor-48\">\n\t\t\t\t\t\t<div class=\"elementor-inner\">\n\t\t\t\t<div class=\"elementor-section-wrap\">\n\t\t\t\t\t\t\t\t\t<section class=\"elementor-section elementor-top-section elementor-element elementor-element-9a96e94 elementor-section-boxed elementor-section-height-default elementor-section-height-default\" data-id=\"9a96e94\" data-element_type=\"section\" data-settings=\"{&quot;background_background&quot;:&quot;classic&quot;}\">\n\t\t\t\t\t\t<div class=\"elementor-container elementor-column-gap-default\">\n\t\t\t\t\t\t\t<div class=\"elementor-row\">\n\t\t\t\t\t<div class=\"elementor-column elementor-col-100 elementor-top-column elementor-element elementor-element-22d03fa\" data-id=\"22d03fa\" data-element_type=\"column\">\n\t\t\t<div class=\"elementor-column-wrap elementor-element-populated\">\n\t\t\t\t\t\t\t<div class=\"elementor-widget-wrap\">\n\t\t\t\t\t\t<div class=\"elementor-element elementor-element-c36c6e6 elementor-widget elementor-widget-heading\" data-id=\"c36c6e6\" data-element_type=\"widget\" data-widget_type=\"heading.default\">\n\t\t\t\t<div class=\"elementor-widget-container\">\n\t\t\t<h2 class=\"elementor-heading-title elementor-size-default\">CONTACTO<\/h2>\t\t<\/div>\n\t\t\t\t<\/div>\n\t\t\t\t\t\t<\/div>\n\t\t\t\t\t<\/div>\n\t\t<\/div>\n\t\t\t\t\t\t\t\t<\/div>\n\t\t\t\t\t<\/div>\n\t\t<\/section>\n\t\t\t\t<section class=\"elementor-section elementor-top-section elementor-element elementor-element-0c20dbd elementor-section-boxed elementor-section-height-default elementor-section-height-default\" data-id=\"0c20dbd\" data-element_type=\"section\" data-settings=\"{&quot;background_background&quot;:&quot;classic&quot;}\">\n\t\t\t\t\t\t<div class=\"elementor-container elementor-column-gap-default\">\n\t\t\t\t\t\t\t<div class=\"elementor-row\">\n\t\t\t\t\t<div class=\"elementor-column elementor-col-100 elementor-top-column elementor-element elementor-element-e20d5c2\" data-id=\"e20d5c2\" data-element_type=\"column\">\n\t\t\t<div class=\"elementor-column-wrap elementor-element-populated\">\n\t\t\t\t\t\t\t<div class=\"elementor-widget-wrap\">\n\t\t\t\t\t\t<div class=\"elementor-element elementor-element-e526d21 elementor-widget-divider--view-line_text elementor-widget-divider--element-align-center elementor-widget elementor-widget-divider\" data-id=\"e526d21\" data-element_type=\"widget\" data-widget_type=\"divider.default\">\n\t\t\t\t<div class=\"elementor-widget-container\">\n\t\t\t\t\t<div class=\"elementor-divider\">\n\t\t\t<span class=\"elementor-divider-separator\">\n\t\t\t\t\t\t\t<h3 class=\"elementor-divider__text elementor-divider__element\">\n\t\t\t\tCONT\u00c1CTENOS\t\t\t\t<\/h3>\n\t\t\t\t\t\t<\/span>\n\t\t<\/div>\n\t\t\t\t<\/div>\n\t\t\t\t<\/div>\n\t\t\t\t<section class=\"elementor-section elementor-inner-section elementor-element elementor-element-f901adf elementor-section-boxed elementor-section-height-default elementor-section-height-default\" data-id=\"f901adf\" data-element_type=\"section\">\n\t\t\t\t\t\t<div class=\"elementor-container elementor-column-gap-default\">\n\t\t\t\t\t\t\t<div class=\"elementor-row\">\n\t\t\t\t\t<div class=\"elementor-column elementor-col-33 elementor-inner-column elementor-element elementor-element-81ef373\" data-id=\"81ef373\" data-element_type=\"column\">\n\t\t\t<div class=\"elementor-column-wrap elementor-element-populated\">\n\t\t\t\t\t\t\t<div class=\"elementor-widget-wrap\">\n\t\t\t\t\t\t<div class=\"elementor-element elementor-element-130fc2d elementor-widget elementor-widget-heading\" data-id=\"130fc2d\" data-element_type=\"widget\" data-widget_type=\"heading.default\">\n\t\t\t\t<div class=\"elementor-widget-container\">\n\t\t\t<h3 class=\"elementor-heading-title elementor-size-default\">Horario de Atenci\u00f3n<\/h3>\t\t<\/div>\n\t\t\t\t<\/div>\n\t\t\t\t<div class=\"elementor-element elementor-element-b786004 elementor-widget elementor-widget-elementskit-business-hours\" data-id=\"b786004\" data-element_type=\"widget\" data-widget_type=\"elementskit-business-hours.default\">\n\t\t\t\t<div class=\"elementor-widget-container\">\n\t\t\t<div class=\"ekit-wid-con\" >\t\t<div class=\"ekit-business-hours-inner\">\n\t\t\t\t\t\t<div class=\"ekit-single-day elementor-repeater-item-62f7f96 \">\n\t\t\t\t\t\t\t\t<span class=\"ekit-business-day\">Lunes a Viernes<\/span>\n\t\t\t\t\t\t\t\t<span class=\"ekit-business-time\">08:00 AM a 17:00 PM.<\/span>\n\t\t\t\t\t\t\t<\/div>\n\t\t\t\t\t<\/div>\n        <\/div>\t\t<\/div>\n\t\t\t\t<\/div>\n\t\t\t\t\t\t<\/div>\n\t\t\t\t\t<\/div>\n\t\t<\/div>\n\t\t\t\t<div class=\"elementor-column elementor-col-33 elementor-inner-column elementor-element elementor-element-1469356\" data-id=\"1469356\" data-element_type=\"column\">\n\t\t\t<div class=\"elementor-column-wrap elementor-element-populated\">\n\t\t\t\t\t\t\t<div class=\"elementor-widget-wrap\">\n\t\t\t\t\t\t<div class=\"elementor-element elementor-element-0e51ed5 elementor-widget elementor-widget-heading\" data-id=\"0e51ed5\" data-element_type=\"widget\" data-widget_type=\"heading.default\">\n\t\t\t\t<div class=\"elementor-widget-container\">\n\t\t\t<h3 class=\"elementor-heading-title elementor-size-default\">Direcci\u00f3n<\/h3>\t\t<\/div>\n\t\t\t\t<\/div>\n\t\t\t\t<div class=\"elementor-element elementor-element-fee74dc elementor-widget elementor-widget-text-editor\" data-id=\"fee74dc\" data-element_type=\"widget\" data-widget_type=\"text-editor.default\">\n\t\t\t\t<div class=\"elementor-widget-container\">\n\t\t\t\t\t\t\t\t<div class=\"elementor-text-editor elementor-clearfix\">\n\t\t\t\t<h3><strong>Santa In\u00e9s 442,<\/strong><br \/><strong>Puerto Montt, Chile<\/strong><\/h3>\t\t\t\t\t<\/div>\n\t\t\t\t\t\t<\/div>\n\t\t\t\t<\/div>\n\t\t\t\t\t\t<\/div>\n\t\t\t\t\t<\/div>\n\t\t<\/div>\n\t\t\t\t<div class=\"elementor-column elementor-col-33 elementor-inner-column elementor-element elementor-element-22c5dda\" data-id=\"22c5dda\" data-element_type=\"column\">\n\t\t\t<div class=\"elementor-column-wrap elementor-element-populated\">\n\t\t\t\t\t\t\t<div class=\"elementor-widget-wrap\">\n\t\t\t\t\t\t<div class=\"elementor-element elementor-element-71cfc55 elementor-widget elementor-widget-heading\" data-id=\"71cfc55\" data-element_type=\"widget\" data-widget_type=\"heading.default\">\n\t\t\t\t<div class=\"elementor-widget-container\">\n\t\t\t<h3 class=\"elementor-heading-title elementor-size-default\">Cont\u00e1ctenos<\/h3>\t\t<\/div>\n\t\t\t\t<\/div>\n\t\t\t\t<div class=\"elementor-element elementor-element-41a5ae2 elementor-widget elementor-widget-text-editor\" data-id=\"41a5ae2\" data-element_type=\"widget\" data-widget_type=\"text-editor.default\">\n\t\t\t\t<div class=\"elementor-widget-container\">\n\t\t\t\t\t\t\t\t<div class=\"elementor-text-editor elementor-clearfix\">\n\t\t\t\t<h3><strong>Fono: <a href=\"tel:+5665 223 7782\" target=\"_blank\" rel=\"noopener\">+5665 223 7782<\/a><\/strong>\n<strong>Whatsapp: <a href=\"https:\/\/api.whatsapp.com\/send?phone=56974960952&amp;text=Hola,%20quiero%20contactarme\">+569 7496 0952<\/a><\/strong>\n<strong>Email: <a href=\"mailto:dieselpuertomontt@gmail.com\">dieselpuertomontt@gmail.com<\/a><\/strong><\/h3>\t\t\t\t\t<\/div>\n\t\t\t\t\t\t<\/div>\n\t\t\t\t<\/div>\n\t\t\t\t\t\t<\/div>\n\t\t\t\t\t<\/div>\n\t\t<\/div>\n\t\t\t\t\t\t\t\t<\/div>\n\t\t\t\t\t<\/div>\n\t\t<\/section>\n\t\t\t\t<div class=\"elementor-element elementor-element-5bfde6c elementor-widget elementor-widget-image\" data-id=\"5bfde6c\" data-element_type=\"widget\" data-widget_type=\"image.default\">\n\t\t\t\t<div class=\"elementor-widget-container\">\n\t\t\t\t\t\t\t\t<div class=\"elementor-image\">\n\t\t\t\t\t\t\t\t\t\t\t\t<img decoding=\"async\" width=\"1000\" height=\"720\" src=\"https:\/\/dieselpuertomontt.cl\/inyectores\/wp-content\/uploads\/2024\/06\/3a7758b6-5014-4ea7-901c-c402782a72b4-1-1000x720.jpg\" class=\"attachment-layers-landscape-large size-layers-landscape-large wp-image-2411\" alt=\"\" loading=\"lazy\" \/>\t\t\t\t\t\t\t\t\t\t\t\t\t\t<\/div>\n\t\t\t\t\t\t<\/div>\n\t\t\t\t<\/div>\n\t\t\t\t<div class=\"elementor-element elementor-element-3346340 elementor-widget elementor-widget-google_maps\" data-id=\"3346340\" data-element_type=\"widget\" data-widget_type=\"google_maps.default\">\n\t\t\t\t<div class=\"elementor-widget-container\">\n\t\t\t\t\t<div class=\"elementor-custom-embed\">\n\t\t\t<iframe loading=\"lazy\"\n\t\t\t\t\tsrc=\"https:\/\/maps.google.com\/maps?q=Di%C3%A9sel%20Puerto%20Montt%20Spa%2C%20santa%20ines%20442%2C%20puerto%20montt%2C%20los%20lagos%2C%20chile&#038;t=m&#038;z=16&#038;output=embed&#038;iwloc=near\"\n\t\t\t\t\ttitle=\"Di\u00e9sel Puerto Montt Spa, santa ines 442, puerto montt, los lagos, chile\"\n\t\t\t\t\taria-label=\"Di\u00e9sel Puerto Montt Spa, santa ines 442, puerto montt, los lagos, chile\"\n\t\t\t><\/iframe>\n\t\t<\/div>\n\t\t\t\t<\/div>\n\t\t\t\t<\/div>\n\t\t\t\t\t\t<\/div>\n\t\t\t\t\t<\/div>\n\t\t<\/div>\n\t\t\t\t\t\t\t\t<\/div>\n\t\t\t\t\t<\/div>\n\t\t<\/section>\n\t\t\t\t<section class=\"elementor-section elementor-top-section elementor-element elementor-element-8b500c5 elementor-section-boxed elementor-section-height-default elementor-section-height-default\" data-id=\"8b500c5\" data-element_type=\"section\">\n\t\t\t\t\t\t<div class=\"elementor-container elementor-column-gap-default\">\n\t\t\t\t\t\t\t<div class=\"elementor-row\">\n\t\t\t\t\t<div class=\"elementor-column elementor-col-100 elementor-top-column elementor-element elementor-element-987d4fc\" data-id=\"987d4fc\" data-element_type=\"column\">\n\t\t\t<div class=\"elementor-column-wrap\">\n\t\t\t\t\t\t\t<div class=\"elementor-widget-wrap\">\n\t\t\t\t\t\t\t\t<\/div>\n\t\t\t\t\t<\/div>\n\t\t<\/div>\n\t\t\t\t\t\t\t\t<\/div>\n\t\t\t\t\t<\/div>\n\t\t<\/section>\n\t\t\t\t\t\t\t\t\t<\/div>\n\t\t\t<\/div>\n\t\t\t\t\t<\/div>\n\t\t","protected":false},"excerpt":{"rendered":"<p class=\"excerpt\">CONTACTO CONT\u00c1CTENOS Horario de Atenci\u00f3n Lunes a Viernes 08:00 AM a 17:00 PM. Direcci\u00f3n Santa In\u00e9s 442,Puerto Montt, Chile Cont\u00e1ctenos Fono: +5665 223 7782 Whatsapp: +569 7496 0952 Email: dieselpuertomontt@gmail.com<\/p>\n","protected":false},"author":1,"featured_media":0,"parent":0,"menu_order":0,"comment_status":"closed","ping_status":"closed","template":"template-blank.php","meta":{"_joinchat":[]},"aioseo_notices":[],"_links":{"self":[{"href":"https:\/\/dieselpuertomontt.cl\/inyectores\/wp-json\/wp\/v2\/pages\/48"}],"collection":[{"href":"https:\/\/dieselpuertomontt.cl\/inyectores\/wp-json\/wp\/v2\/pages"}],"about":[{"href":"https:\/\/dieselpuertomontt.cl\/inyectores\/wp-json\/wp\/v2\/types\/page"}],"author":[{"embeddable":true,"href":"https:\/\/dieselpuertomontt.cl\/inyectores\/wp-json\/wp\/v2\/users\/1"}],"replies":[{"embeddable":true,"href":"https:\/\/dieselpuertomontt.cl\/inyectores\/wp-json\/wp\/v2\/comments?post=48"}],"version-history":[{"count":24,"href":"https:\/\/dieselpuertomontt.cl\/inyectores\/wp-json\/wp\/v2\/pages\/48\/revisions"}],"predecessor-version":[{"id":2414,"href":"https:\/\/dieselpuertomontt.cl\/inyectores\/wp-json\/wp\/v2\/pages\/48\/revisions\/2414"}],"wp:attachment":[{"href":"https:\/\/dieselpuertomontt.cl\/inyectores\/wp-json\/wp\/v2\/media?parent=48"}],"curies":[{"name":"wp","href":"https:\/\/api.w.org\/{rel}","templated":true}]}}